{"id":6733,"date":"2026-04-08T10:38:44","date_gmt":"2026-04-08T08:38:44","guid":{"rendered":"https:\/\/www.ariahotel.it\/ecofriendly\/"},"modified":"2026-04-08T11:54:56","modified_gmt":"2026-04-08T09:54:56","slug":"ecofriendly","status":"publish","type":"page","link":"https:\/\/www.ariahotel.it\/de\/ecofriendly\/","title":{"rendered":"Ecofriendly"},"content":{"rendered":"\t\t<div data-elementor-type=\"wp-page\" data-elementor-id=\"6733\" class=\"elementor elementor-6733 elementor-6683\" data-elementor-post-type=\"page\">\n\t\t\t\t<div class=\"elementor-element elementor-element-00c9869 e-flex e-con-boxed e-con e-parent\" data-id=\"00c9869\" data-element_type=\"container\" data-e-type=\"container\">\n\t\t\t\t\t<div class=\"e-con-inner\">\n\t\t<div class=\"elementor-element elementor-element-4b51498 e-con-full e-flex e-con e-child\" data-id=\"4b51498\" data-element_type=\"container\" data-e-type=\"container\">\n\t\t\t\t<div class=\"elementor-element elementor-element-1bb21c9 elementor-widget elementor-widget-heading\" data-id=\"1bb21c9\" data-element_type=\"widget\" data-e-type=\"widget\" data-widget_type=\"heading.default\">\n\t\t\t\t<div class=\"elementor-widget-container\">\n\t\t\t\t\t<div class=\"elementor-heading-title elementor-size-default\">UNSER PLANET<\/div>\t\t\t\t<\/div>\n\t\t\t\t<\/div>\n\t\t\t\t<div class=\"elementor-element elementor-element-8924138 elementor-widget elementor-widget-heading\" data-id=\"8924138\" data-element_type=\"widget\" data-e-type=\"widget\" data-widget_type=\"heading.default\">\n\t\t\t\t<div class=\"elementor-widget-container\">\n\t\t\t\t\t<h1 class=\"elementor-heading-title elementor-size-default\">\nLIEGT UNS AM HERZEN<\/h1>\t\t\t\t<\/div>\n\t\t\t\t<\/div>\n\t\t\t\t<div class=\"elementor-element elementor-element-3337368 elementor-widget elementor-widget-heading\" data-id=\"3337368\" data-element_type=\"widget\" data-e-type=\"widget\" data-widget_type=\"heading.default\">\n\t\t\t\t<div class=\"elementor-widget-container\">\n\t\t\t\t\t<h2 class=\"elementor-heading-title elementor-size-default\">Der Schutz der Umwelt, in der wir leben, ist ein wichtiger Beitrag. Wir handeln im Bewusstsein einer wirtschaftlichen Entwicklung, die mit dem Umweltschutz vereinbar ist.  <\/h2>\t\t\t\t<\/div>\n\t\t\t\t<\/div>\n\t\t\t\t<\/div>\n\t\t\t\t\t<\/div>\n\t\t\t\t<\/div>\n\t\t<div class=\"elementor-element elementor-element-8ce1b07 e-flex e-con-boxed e-con e-parent\" data-id=\"8ce1b07\" data-element_type=\"container\" data-e-type=\"container\">\n\t\t\t\t\t<div class=\"e-con-inner\">\n\t\t<div class=\"elementor-element elementor-element-913ce3b e-con-full e-flex e-con e-child\" data-id=\"913ce3b\" data-element_type=\"container\" data-e-type=\"container\">\n\t\t\t\t<div class=\"elementor-element elementor-element-54f9f7a img-rivelata elementor-widget elementor-widget-bwdirax-image-reveal-animation\" data-id=\"54f9f7a\" data-element_type=\"widget\" data-e-type=\"widget\" data-settings=\"{&quot;motion_fx_motion_fx_scrolling&quot;:&quot;yes&quot;,&quot;motion_fx_translateY_effect&quot;:&quot;yes&quot;,&quot;motion_fx_translateY_speed&quot;:{&quot;unit&quot;:&quot;px&quot;,&quot;size&quot;:1.5,&quot;sizes&quot;:[]},&quot;motion_fx_devices&quot;:[&quot;desktop&quot;,&quot;tablet&quot;],&quot;motion_fx_translateY_affectedRange&quot;:{&quot;unit&quot;:&quot;%&quot;,&quot;size&quot;:&quot;&quot;,&quot;sizes&quot;:{&quot;start&quot;:0,&quot;end&quot;:100}}}\" data-widget_type=\"bwdirax-image-reveal-animation.default\">\n\t\t\t\t<div class=\"elementor-widget-container\">\n\t\t\t\t\t\t\t\t<div class=\"uc_image_reveal\" id=\"bwdirax_uc_image_reveal_on_scroll\">\r\n\t\t\t\t\t<div class=\"uc_image_reveal_box bwduc-image \">\r\n\r\n\t\t\t\t\r\n\t\t\t\t\t<img decoding=\"async\" src=\"https:\/\/www.ariahotel.it\/wp-content\/uploads\/2025\/07\/Aria-15.jpg\" class=\"bwdirax-img\" alt=\"image\">\r\n\r\n\t\t\t\t\t\r\n\t\t\t\t\t<div class=\"uc_overlay iv-jello leftx\"><\/div>\r\n\t\t\t\t\t<\/div>\r\n\t\t\t<\/div>\r\n\t\t\t\t\t\t<\/div>\n\t\t\t\t<\/div>\n\t\t\t\t<\/div>\n\t\t<div class=\"elementor-element elementor-element-cde4861 e-con-full e-flex e-con e-child\" data-id=\"cde4861\" data-element_type=\"container\" data-e-type=\"container\">\n\t\t\t\t<div class=\"elementor-element elementor-element-4c5841a elementor-widget elementor-widget-heading\" data-id=\"4c5841a\" data-element_type=\"widget\" data-e-type=\"widget\" data-widget_type=\"heading.default\">\n\t\t\t\t<div class=\"elementor-widget-container\">\n\t\t\t\t\t<h3 class=\"elementor-heading-title elementor-size-default\">F\u00fcr die Erzeugung erneuerbarer Energie<\/h3>\t\t\t\t<\/div>\n\t\t\t\t<\/div>\n\t\t\t\t<div class=\"elementor-element elementor-element-7eea55f elementor-widget elementor-widget-text-editor\" data-id=\"7eea55f\" data-element_type=\"widget\" data-e-type=\"widget\" data-widget_type=\"text-editor.default\">\n\t\t\t\t<div class=\"elementor-widget-container\">\n\t\t\t\t\t\t\t\t\t<p>Das erdbebensichere Geb\u00e4ude ist mit einer Photovoltaikanlage ausgestattet, um CO\u2082-Emissionen zu reduzieren und die Energieunabh\u00e4ngigkeit zu erh\u00f6hen.<\/p>\t\t\t\t\t\t\t\t<\/div>\n\t\t\t\t<\/div>\n\t\t\t\t<div class=\"elementor-element elementor-element-bc3b24d elementor-widget elementor-widget-heading\" data-id=\"bc3b24d\" data-element_type=\"widget\" data-e-type=\"widget\" data-widget_type=\"heading.default\">\n\t\t\t\t<div class=\"elementor-widget-container\">\n\t\t\t\t\t<h3 class=\"elementor-heading-title elementor-size-default\">Zur Reduzierung des Energiebedarfs<\/h3>\t\t\t\t<\/div>\n\t\t\t\t<\/div>\n\t\t\t\t<div class=\"elementor-element elementor-element-a37a204 elementor-widget elementor-widget-text-editor\" data-id=\"a37a204\" data-element_type=\"widget\" data-e-type=\"widget\" data-widget_type=\"text-editor.default\">\n\t\t\t\t<div class=\"elementor-widget-container\">\n\t\t\t\t\t\t\t\t\t<p>Wir haben ein angemessenes Ma\u00df an W\u00e4rmed\u00e4mmung durch ein starkes W\u00e4rmed\u00e4mmverbundsystem gew\u00e4hrleistet und Fenster sowie Bauelemente der neuesten Generation installiert.<\/p>\t\t\t\t\t\t\t\t<\/div>\n\t\t\t\t<\/div>\n\t\t\t\t<\/div>\n\t\t\t\t\t<\/div>\n\t\t\t\t<\/div>\n\t\t<div class=\"elementor-element elementor-element-4ba4a72 e-flex e-con-boxed e-con e-parent\" data-id=\"4ba4a72\" data-element_type=\"container\" data-e-type=\"container\">\n\t\t\t\t\t<div class=\"e-con-inner\">\n\t\t<div class=\"elementor-element elementor-element-e8a3fc3 e-con-full e-flex e-con e-child\" data-id=\"e8a3fc3\" data-element_type=\"container\" data-e-type=\"container\">\n\t\t\t\t<div class=\"elementor-element elementor-element-b842de7 elementor-widget elementor-widget-heading\" data-id=\"b842de7\" data-element_type=\"widget\" data-e-type=\"widget\" data-widget_type=\"heading.default\">\n\t\t\t\t<div class=\"elementor-widget-container\">\n\t\t\t\t\t<h3 class=\"elementor-heading-title elementor-size-default\">Zur Verbesserung der Energieeffizienz <\/h3>\t\t\t\t<\/div>\n\t\t\t\t<\/div>\n\t\t\t\t<div class=\"elementor-element elementor-element-a2c9519 elementor-widget elementor-widget-text-editor\" data-id=\"a2c9519\" data-element_type=\"widget\" data-e-type=\"widget\" data-widget_type=\"text-editor.default\">\n\t\t\t\t<div class=\"elementor-widget-container\">\n\t\t\t\t\t\t\t\t\t<p>Das Geb\u00e4ude ist mit hocheffizienten technischen L\u00f6sungen wie Brennwertkesseln ausgestattet.<\/p><p><strong>Die Minibars <\/strong>in den Zimmern sind Energieklasse A++.<\/p><p><strong>Das Beleuchtungssystem<\/strong> ist energiesparend.<br>Wir verwenden LED-Lampen, Pr\u00e4senzmelder, Timer und alle Ger\u00e4te, die eine m\u00f6glichst pr\u00e4zise Steuerung des Lichts erm\u00f6glichen.<\/p><p><strong>Ein fortschrittliches System<\/strong> zur Temperaturregelung erm\u00f6glicht eine optimale Steuerung von Heizung und K\u00fchlung, auch aus der Ferne und f\u00fcr einzelne Bereiche.<br>Wir nutzen ein System zur Aufrechterhaltung der Temperaturen, wenn sich die G\u00e4ste nicht im Zimmer befinden.<\/p><p><strong>Wir \u00fcberwachen und messen<\/strong> Verbrauch und Nutzungsgewohnheiten, um die erzielten Ergebnisse kontinuierlich zu \u00fcberpr\u00fcfen und bei Anomalien oder \u00fcberm\u00e4\u00dfigem Verbrauch schnell eingreifen zu k\u00f6nnen.<\/p>\t\t\t\t\t\t\t\t<\/div>\n\t\t\t\t<\/div>\n\t\t\t\t<\/div>\n\t\t<div class=\"elementor-element elementor-element-3c9a70d e-con-full e-flex e-con e-child\" data-id=\"3c9a70d\" data-element_type=\"container\" data-e-type=\"container\">\n\t\t\t\t<div class=\"elementor-element elementor-element-483ac59 img-rivelata elementor-widget elementor-widget-bwdirax-image-reveal-animation\" data-id=\"483ac59\" data-element_type=\"widget\" data-e-type=\"widget\" data-settings=\"{&quot;motion_fx_motion_fx_scrolling&quot;:&quot;yes&quot;,&quot;motion_fx_translateY_effect&quot;:&quot;yes&quot;,&quot;motion_fx_translateY_direction&quot;:&quot;negative&quot;,&quot;motion_fx_translateY_speed&quot;:{&quot;unit&quot;:&quot;px&quot;,&quot;size&quot;:1.5,&quot;sizes&quot;:[]},&quot;motion_fx_devices&quot;:[&quot;desktop&quot;,&quot;tablet&quot;],&quot;motion_fx_translateY_affectedRange&quot;:{&quot;unit&quot;:&quot;%&quot;,&quot;size&quot;:&quot;&quot;,&quot;sizes&quot;:{&quot;start&quot;:0,&quot;end&quot;:100}}}\" data-widget_type=\"bwdirax-image-reveal-animation.default\">\n\t\t\t\t<div class=\"elementor-widget-container\">\n\t\t\t\t\t\t\t\t<div class=\"uc_image_reveal\" id=\"bwdirax_uc_image_reveal_on_scroll\">\r\n\t\t\t\t\t<div class=\"uc_image_reveal_box bwduc-image \">\r\n\r\n\t\t\t\t\r\n\t\t\t\t\t<img decoding=\"async\" src=\"https:\/\/www.ariahotel.it\/wp-content\/uploads\/2025\/07\/Aria-54.jpg\" class=\"bwdirax-img\" alt=\"image\">\r\n\r\n\t\t\t\t\t\r\n\t\t\t\t\t<div class=\"uc_overlay iv-jello rightx\"><\/div>\r\n\t\t\t\t\t<\/div>\r\n\t\t\t<\/div>\r\n\t\t\t\t\t\t<\/div>\n\t\t\t\t<\/div>\n\t\t\t\t<\/div>\n\t\t\t\t\t<\/div>\n\t\t\t\t<\/div>\n\t\t<div class=\"elementor-element elementor-element-a98ace6 elementor-hidden-desktop elementor-hidden-tablet elementor-hidden-mobile e-flex e-con-boxed e-con e-parent\" data-id=\"a98ace6\" data-element_type=\"container\" data-e-type=\"container\">\n\t\t\t\t\t<div class=\"e-con-inner\">\n\t\t<div class=\"elementor-element elementor-element-b641cb2 e-con-full e-flex e-con e-child\" data-id=\"b641cb2\" data-element_type=\"container\" data-e-type=\"container\">\n\t\t\t\t<div class=\"elementor-element elementor-element-8be516f img-rivelata elementor-widget elementor-widget-bwdirax-image-reveal-animation\" data-id=\"8be516f\" data-element_type=\"widget\" data-e-type=\"widget\" data-settings=\"{&quot;motion_fx_motion_fx_scrolling&quot;:&quot;yes&quot;,&quot;motion_fx_translateY_effect&quot;:&quot;yes&quot;,&quot;motion_fx_translateY_speed&quot;:{&quot;unit&quot;:&quot;px&quot;,&quot;size&quot;:1.5,&quot;sizes&quot;:[]},&quot;motion_fx_devices&quot;:[&quot;desktop&quot;,&quot;tablet&quot;],&quot;motion_fx_translateY_affectedRange&quot;:{&quot;unit&quot;:&quot;%&quot;,&quot;size&quot;:&quot;&quot;,&quot;sizes&quot;:{&quot;start&quot;:0,&quot;end&quot;:100}}}\" data-widget_type=\"bwdirax-image-reveal-animation.default\">\n\t\t\t\t<div class=\"elementor-widget-container\">\n\t\t\t\t\t\t\t\t<div class=\"uc_image_reveal\" id=\"bwdirax_uc_image_reveal_on_scroll\">\r\n\t\t\t\t\t<div class=\"uc_image_reveal_box bwduc-image \">\r\n\r\n\t\t\t\t\r\n\t\t\t\t\t<img decoding=\"async\" src=\"http:\/\/www.ariahotel.it\/wp-content\/uploads\/2025\/01\/Dettaglio-idromassaggio-suite-2.jpg\" class=\"bwdirax-img\" alt=\"image\">\r\n\r\n\t\t\t\t\t\r\n\t\t\t\t\t<div class=\"uc_overlay iv-jello leftx\"><\/div>\r\n\t\t\t\t\t<\/div>\r\n\t\t\t<\/div>\r\n\t\t\t\t\t\t<\/div>\n\t\t\t\t<\/div>\n\t\t\t\t<\/div>\n\t\t<div class=\"elementor-element elementor-element-29d9c68 e-con-full e-flex e-con e-child\" data-id=\"29d9c68\" data-element_type=\"container\" data-e-type=\"container\">\n\t\t\t\t<div class=\"elementor-element elementor-element-8a7a77d elementor-widget elementor-widget-heading\" data-id=\"8a7a77d\" data-element_type=\"widget\" data-e-type=\"widget\" data-widget_type=\"heading.default\">\n\t\t\t\t<div class=\"elementor-widget-container\">\n\t\t\t\t\t<h3 class=\"elementor-heading-title elementor-size-default\">Per gestire l\u2019acqua in modo molto attento<\/h3>\t\t\t\t<\/div>\n\t\t\t\t<\/div>\n\t\t\t\t<div class=\"elementor-element elementor-element-b9f1a6b elementor-widget elementor-widget-text-editor\" data-id=\"b9f1a6b\" data-element_type=\"widget\" data-e-type=\"widget\" data-widget_type=\"text-editor.default\">\n\t\t\t\t<div class=\"elementor-widget-container\">\n\t\t\t\t\t\t\t\t\t<p>Usiamo un sistema di raccolta e di riciclo dell\u2019acqua piovana per l\u2019irrigazione.<\/p><p>Coinvolgiamo gli ospiti con una campagna di sensibilizzazione per ridurre gli sprechi del lavaggio degli asciugamani e della biancheria.<\/p>\t\t\t\t\t\t\t\t<\/div>\n\t\t\t\t<\/div>\n\t\t\t\t<\/div>\n\t\t\t\t\t<\/div>\n\t\t\t\t<\/div>\n\t\t<div class=\"elementor-element elementor-element-39f0e84 elementor-hidden-desktop elementor-hidden-tablet elementor-hidden-mobile e-flex e-con-boxed e-con e-parent\" data-id=\"39f0e84\" data-element_type=\"container\" data-e-type=\"container\">\n\t\t\t\t\t<div class=\"e-con-inner\">\n\t\t<div class=\"elementor-element elementor-element-9fbbde8 e-con-full e-flex e-con e-child\" data-id=\"9fbbde8\" data-element_type=\"container\" data-e-type=\"container\">\n\t\t\t\t<div class=\"elementor-element elementor-element-57e9141 elementor-widget elementor-widget-heading\" data-id=\"57e9141\" data-element_type=\"widget\" data-e-type=\"widget\" data-widget_type=\"heading.default\">\n\t\t\t\t<div class=\"elementor-widget-container\">\n\t\t\t\t\t<h3 class=\"elementor-heading-title elementor-size-default\">Per ridurre il consumo della plastica<\/h3>\t\t\t\t<\/div>\n\t\t\t\t<\/div>\n\t\t\t\t<div class=\"elementor-element elementor-element-b509f40 elementor-widget elementor-widget-text-editor\" data-id=\"b509f40\" data-element_type=\"widget\" data-e-type=\"widget\" data-widget_type=\"text-editor.default\">\n\t\t\t\t<div class=\"elementor-widget-container\">\n\t\t\t\t\t\t\t\t\t<p>Usiamo solo contenitori di vetro e carta.<\/p><p>Usiamo cannucce di carta.<\/p><p>La nostra linea di cortesia \u00e8 realizzata con materiali sostenibili.<\/p><p>Per una gestione attenta e consapevole dei rifiuti, ci occupiamo quotidianamente della raccolta differenziata.<\/p>\t\t\t\t\t\t\t\t<\/div>\n\t\t\t\t<\/div>\n\t\t\t\t<\/div>\n\t\t<div class=\"elementor-element elementor-element-489037e e-con-full e-flex e-con e-child\" data-id=\"489037e\" data-element_type=\"container\" data-e-type=\"container\">\n\t\t\t\t<div class=\"elementor-element elementor-element-003700b img-rivelata elementor-widget elementor-widget-bwdirax-image-reveal-animation\" data-id=\"003700b\" data-element_type=\"widget\" data-e-type=\"widget\" data-settings=\"{&quot;motion_fx_motion_fx_scrolling&quot;:&quot;yes&quot;,&quot;motion_fx_translateY_effect&quot;:&quot;yes&quot;,&quot;motion_fx_translateY_direction&quot;:&quot;negative&quot;,&quot;motion_fx_translateY_speed&quot;:{&quot;unit&quot;:&quot;px&quot;,&quot;size&quot;:1.5,&quot;sizes&quot;:[]},&quot;motion_fx_devices&quot;:[&quot;desktop&quot;,&quot;tablet&quot;],&quot;motion_fx_translateY_affectedRange&quot;:{&quot;unit&quot;:&quot;%&quot;,&quot;size&quot;:&quot;&quot;,&quot;sizes&quot;:{&quot;start&quot;:0,&quot;end&quot;:100}}}\" data-widget_type=\"bwdirax-image-reveal-animation.default\">\n\t\t\t\t<div class=\"elementor-widget-container\">\n\t\t\t\t\t\t\t\t<div class=\"uc_image_reveal\" id=\"bwdirax_uc_image_reveal_on_scroll\">\r\n\t\t\t\t\t<div class=\"uc_image_reveal_box bwduc-image \">\r\n\r\n\t\t\t\t\r\n\t\t\t\t\t<img decoding=\"async\" src=\"http:\/\/www.ariahotel.it\/wp-content\/uploads\/2025\/01\/Dispenser-1-dimensioni-grandi.jpeg\" class=\"bwdirax-img\" alt=\"image\">\r\n\r\n\t\t\t\t\t\r\n\t\t\t\t\t<div class=\"uc_overlay iv-jello rightx\"><\/div>\r\n\t\t\t\t\t<\/div>\r\n\t\t\t<\/div>\r\n\t\t\t\t\t\t<\/div>\n\t\t\t\t<\/div>\n\t\t\t\t<\/div>\n\t\t\t\t\t<\/div>\n\t\t\t\t<\/div>\n\t\t\t\t<\/div>\n\t\t","protected":false},"excerpt":{"rendered":"<p>UNSER PLANET LIEGT UNS AM HERZEN Der Schutz der Umwelt, in der wir leben, ist ein wichtiger Beitrag. Wir handeln im Bewusstsein einer wirtschaftlichen Entwicklung, die mit dem Umweltschutz vereinbar ist. F\u00fcr die Erzeugung erneuerbarer Energie Das erdbebensichere Geb\u00e4ude ist mit einer Photovoltaikanlage ausgestattet, um CO\u2082-Emissionen zu reduzieren und die Energieunabh\u00e4ngigkeit zu erh\u00f6hen. Zur Reduzierung [&hellip;]<\/p>\n","protected":false},"author":1,"featured_media":0,"parent":0,"menu_order":0,"comment_status":"closed","ping_status":"closed","template":"","meta":{"_acf_changed":false,"footnotes":""},"class_list":["post-6733","page","type-page","status-publish","hentry"],"acf":[],"yoast_head":"<!-- This site is optimized with the Yoast SEO plugin v27.4 - https:\/\/yoast.com\/product\/yoast-seo-wordpress\/ -->\n<title>Ecofriendly - Aria Hotel<\/title>\n<meta name=\"robots\" content=\"index, follow, max-snippet:-1, max-image-preview:large, max-video-preview:-1\" \/>\n<link rel=\"canonical\" href=\"https:\/\/www.ariahotel.it\/de\/ecofriendly\/\" \/>\n<meta property=\"og:locale\" content=\"de_DE\" \/>\n<meta property=\"og:type\" content=\"article\" \/>\n<meta property=\"og:title\" content=\"Ecofriendly - Aria Hotel\" \/>\n<meta property=\"og:description\" content=\"UNSER PLANET LIEGT UNS AM HERZEN Der Schutz der Umwelt, in der wir leben, ist ein wichtiger Beitrag. Wir handeln im Bewusstsein einer wirtschaftlichen Entwicklung, die mit dem Umweltschutz vereinbar ist. F\u00fcr die Erzeugung erneuerbarer Energie Das erdbebensichere Geb\u00e4ude ist mit einer Photovoltaikanlage ausgestattet, um CO\u2082-Emissionen zu reduzieren und die Energieunabh\u00e4ngigkeit zu erh\u00f6hen. Zur Reduzierung [&hellip;]\" \/>\n<meta property=\"og:url\" content=\"https:\/\/www.ariahotel.it\/de\/ecofriendly\/\" \/>\n<meta property=\"og:site_name\" content=\"Aria Hotel\" \/>\n<meta property=\"article:publisher\" content=\"https:\/\/www.facebook.com\/HotelAriaRimini\/?locale=it_IT\" \/>\n<meta property=\"article:modified_time\" content=\"2026-04-08T09:54:56+00:00\" \/>\n<meta property=\"og:image\" content=\"https:\/\/www.ariahotel.it\/wp-content\/uploads\/2025\/07\/Aria-15.jpg\" \/>\n<meta name=\"twitter:card\" content=\"summary_large_image\" \/>\n<meta name=\"twitter:label1\" content=\"Gesch\u00e4tzte Lesezeit\" \/>\n\t<meta name=\"twitter:data1\" content=\"1\u00a0Minute\" \/>\n<script type=\"application\/ld+json\" class=\"yoast-schema-graph\">{\"@context\":\"https:\\\/\\\/schema.org\",\"@graph\":[{\"@type\":\"WebPage\",\"@id\":\"https:\\\/\\\/www.ariahotel.it\\\/de\\\/ecofriendly\\\/\",\"url\":\"https:\\\/\\\/www.ariahotel.it\\\/de\\\/ecofriendly\\\/\",\"name\":\"Ecofriendly - Aria Hotel\",\"isPartOf\":{\"@id\":\"https:\\\/\\\/www.ariahotel.it\\\/de\\\/#website\"},\"primaryImageOfPage\":{\"@id\":\"https:\\\/\\\/www.ariahotel.it\\\/de\\\/ecofriendly\\\/#primaryimage\"},\"image\":{\"@id\":\"https:\\\/\\\/www.ariahotel.it\\\/de\\\/ecofriendly\\\/#primaryimage\"},\"thumbnailUrl\":\"https:\\\/\\\/www.ariahotel.it\\\/wp-content\\\/uploads\\\/2025\\\/07\\\/Aria-15.jpg\",\"datePublished\":\"2026-04-08T08:38:44+00:00\",\"dateModified\":\"2026-04-08T09:54:56+00:00\",\"breadcrumb\":{\"@id\":\"https:\\\/\\\/www.ariahotel.it\\\/de\\\/ecofriendly\\\/#breadcrumb\"},\"inLanguage\":\"de\",\"potentialAction\":[{\"@type\":\"ReadAction\",\"target\":[\"https:\\\/\\\/www.ariahotel.it\\\/de\\\/ecofriendly\\\/\"]}]},{\"@type\":\"ImageObject\",\"inLanguage\":\"de\",\"@id\":\"https:\\\/\\\/www.ariahotel.it\\\/de\\\/ecofriendly\\\/#primaryimage\",\"url\":\"https:\\\/\\\/www.ariahotel.it\\\/wp-content\\\/uploads\\\/2025\\\/07\\\/Aria-15.jpg\",\"contentUrl\":\"https:\\\/\\\/www.ariahotel.it\\\/wp-content\\\/uploads\\\/2025\\\/07\\\/Aria-15.jpg\"},{\"@type\":\"BreadcrumbList\",\"@id\":\"https:\\\/\\\/www.ariahotel.it\\\/de\\\/ecofriendly\\\/#breadcrumb\",\"itemListElement\":[{\"@type\":\"ListItem\",\"position\":1,\"name\":\"Home\",\"item\":\"https:\\\/\\\/www.ariahotel.it\\\/de\\\/home\\\/\"},{\"@type\":\"ListItem\",\"position\":2,\"name\":\"Ecofriendly\"}]},{\"@type\":\"WebSite\",\"@id\":\"https:\\\/\\\/www.ariahotel.it\\\/de\\\/#website\",\"url\":\"https:\\\/\\\/www.ariahotel.it\\\/de\\\/\",\"name\":\"Aria Hotel\",\"description\":\"Hotel 4 Stelle Superior a Marina Centro Rimini | Hotel Aria\",\"publisher\":{\"@id\":\"https:\\\/\\\/www.ariahotel.it\\\/de\\\/#organization\"},\"alternateName\":\"Hotel di lusso a Rimini\",\"potentialAction\":[{\"@type\":\"SearchAction\",\"target\":{\"@type\":\"EntryPoint\",\"urlTemplate\":\"https:\\\/\\\/www.ariahotel.it\\\/de\\\/?s={search_term_string}\"},\"query-input\":{\"@type\":\"PropertyValueSpecification\",\"valueRequired\":true,\"valueName\":\"search_term_string\"}}],\"inLanguage\":\"de\"},{\"@type\":\"Organization\",\"@id\":\"https:\\\/\\\/www.ariahotel.it\\\/de\\\/#organization\",\"name\":\"Aria Hotel\",\"alternateName\":\"Hotel di lusso a Rimini\",\"url\":\"https:\\\/\\\/www.ariahotel.it\\\/de\\\/\",\"logo\":{\"@type\":\"ImageObject\",\"inLanguage\":\"de\",\"@id\":\"https:\\\/\\\/www.ariahotel.it\\\/de\\\/#\\\/schema\\\/logo\\\/image\\\/\",\"url\":\"https:\\\/\\\/www.ariahotel.it\\\/wp-content\\\/uploads\\\/2025\\\/01\\\/Favicon.svg\",\"contentUrl\":\"https:\\\/\\\/www.ariahotel.it\\\/wp-content\\\/uploads\\\/2025\\\/01\\\/Favicon.svg\",\"caption\":\"Aria Hotel\"},\"image\":{\"@id\":\"https:\\\/\\\/www.ariahotel.it\\\/de\\\/#\\\/schema\\\/logo\\\/image\\\/\"},\"sameAs\":[\"https:\\\/\\\/www.facebook.com\\\/HotelAriaRimini\\\/?locale=it_IT\",\"https:\\\/\\\/www.instagram.com\\\/aria_rimini\\\/\"]}]}<\/script>\n<!-- \/ Yoast SEO plugin. -->","yoast_head_json":{"title":"Ecofriendly - Aria Hotel","robots":{"index":"index","follow":"follow","max-snippet":"max-snippet:-1","max-image-preview":"max-image-preview:large","max-video-preview":"max-video-preview:-1"},"canonical":"https:\/\/www.ariahotel.it\/de\/ecofriendly\/","og_locale":"de_DE","og_type":"article","og_title":"Ecofriendly - Aria Hotel","og_description":"UNSER PLANET LIEGT UNS AM HERZEN Der Schutz der Umwelt, in der wir leben, ist ein wichtiger Beitrag. Wir handeln im Bewusstsein einer wirtschaftlichen Entwicklung, die mit dem Umweltschutz vereinbar ist. F\u00fcr die Erzeugung erneuerbarer Energie Das erdbebensichere Geb\u00e4ude ist mit einer Photovoltaikanlage ausgestattet, um CO\u2082-Emissionen zu reduzieren und die Energieunabh\u00e4ngigkeit zu erh\u00f6hen. Zur Reduzierung [&hellip;]","og_url":"https:\/\/www.ariahotel.it\/de\/ecofriendly\/","og_site_name":"Aria Hotel","article_publisher":"https:\/\/www.facebook.com\/HotelAriaRimini\/?locale=it_IT","article_modified_time":"2026-04-08T09:54:56+00:00","og_image":[{"url":"https:\/\/www.ariahotel.it\/wp-content\/uploads\/2025\/07\/Aria-15.jpg","type":"","width":"","height":""}],"twitter_card":"summary_large_image","twitter_misc":{"Gesch\u00e4tzte Lesezeit":"1\u00a0Minute"},"schema":{"@context":"https:\/\/schema.org","@graph":[{"@type":"WebPage","@id":"https:\/\/www.ariahotel.it\/de\/ecofriendly\/","url":"https:\/\/www.ariahotel.it\/de\/ecofriendly\/","name":"Ecofriendly - Aria Hotel","isPartOf":{"@id":"https:\/\/www.ariahotel.it\/de\/#website"},"primaryImageOfPage":{"@id":"https:\/\/www.ariahotel.it\/de\/ecofriendly\/#primaryimage"},"image":{"@id":"https:\/\/www.ariahotel.it\/de\/ecofriendly\/#primaryimage"},"thumbnailUrl":"https:\/\/www.ariahotel.it\/wp-content\/uploads\/2025\/07\/Aria-15.jpg","datePublished":"2026-04-08T08:38:44+00:00","dateModified":"2026-04-08T09:54:56+00:00","breadcrumb":{"@id":"https:\/\/www.ariahotel.it\/de\/ecofriendly\/#breadcrumb"},"inLanguage":"de","potentialAction":[{"@type":"ReadAction","target":["https:\/\/www.ariahotel.it\/de\/ecofriendly\/"]}]},{"@type":"ImageObject","inLanguage":"de","@id":"https:\/\/www.ariahotel.it\/de\/ecofriendly\/#primaryimage","url":"https:\/\/www.ariahotel.it\/wp-content\/uploads\/2025\/07\/Aria-15.jpg","contentUrl":"https:\/\/www.ariahotel.it\/wp-content\/uploads\/2025\/07\/Aria-15.jpg"},{"@type":"BreadcrumbList","@id":"https:\/\/www.ariahotel.it\/de\/ecofriendly\/#breadcrumb","itemListElement":[{"@type":"ListItem","position":1,"name":"Home","item":"https:\/\/www.ariahotel.it\/de\/home\/"},{"@type":"ListItem","position":2,"name":"Ecofriendly"}]},{"@type":"WebSite","@id":"https:\/\/www.ariahotel.it\/de\/#website","url":"https:\/\/www.ariahotel.it\/de\/","name":"Aria Hotel","description":"Hotel 4 Stelle Superior a Marina Centro Rimini | Hotel Aria","publisher":{"@id":"https:\/\/www.ariahotel.it\/de\/#organization"},"alternateName":"Hotel di lusso a Rimini","potentialAction":[{"@type":"SearchAction","target":{"@type":"EntryPoint","urlTemplate":"https:\/\/www.ariahotel.it\/de\/?s={search_term_string}"},"query-input":{"@type":"PropertyValueSpecification","valueRequired":true,"valueName":"search_term_string"}}],"inLanguage":"de"},{"@type":"Organization","@id":"https:\/\/www.ariahotel.it\/de\/#organization","name":"Aria Hotel","alternateName":"Hotel di lusso a Rimini","url":"https:\/\/www.ariahotel.it\/de\/","logo":{"@type":"ImageObject","inLanguage":"de","@id":"https:\/\/www.ariahotel.it\/de\/#\/schema\/logo\/image\/","url":"https:\/\/www.ariahotel.it\/wp-content\/uploads\/2025\/01\/Favicon.svg","contentUrl":"https:\/\/www.ariahotel.it\/wp-content\/uploads\/2025\/01\/Favicon.svg","caption":"Aria Hotel"},"image":{"@id":"https:\/\/www.ariahotel.it\/de\/#\/schema\/logo\/image\/"},"sameAs":["https:\/\/www.facebook.com\/HotelAriaRimini\/?locale=it_IT","https:\/\/www.instagram.com\/aria_rimini\/"]}]}},"publishpress_future_action":{"enabled":false,"date":"2026-04-26 14:59:47","action":"change-status","newStatus":"draft","terms":[],"taxonomy":"translation_priority","extraData":[]},"publishpress_future_workflow_manual_trigger":{"enabledWorkflows":[]},"_links":{"self":[{"href":"https:\/\/www.ariahotel.it\/de\/wp-json\/wp\/v2\/pages\/6733","targetHints":{"allow":["GET"]}}],"collection":[{"href":"https:\/\/www.ariahotel.it\/de\/wp-json\/wp\/v2\/pages"}],"about":[{"href":"https:\/\/www.ariahotel.it\/de\/wp-json\/wp\/v2\/types\/page"}],"author":[{"embeddable":true,"href":"https:\/\/www.ariahotel.it\/de\/wp-json\/wp\/v2\/users\/1"}],"replies":[{"embeddable":true,"href":"https:\/\/www.ariahotel.it\/de\/wp-json\/wp\/v2\/comments?post=6733"}],"version-history":[{"count":1,"href":"https:\/\/www.ariahotel.it\/de\/wp-json\/wp\/v2\/pages\/6733\/revisions"}],"predecessor-version":[{"id":6734,"href":"https:\/\/www.ariahotel.it\/de\/wp-json\/wp\/v2\/pages\/6733\/revisions\/6734"}],"wp:attachment":[{"href":"https:\/\/www.ariahotel.it\/de\/wp-json\/wp\/v2\/media?parent=6733"}],"curies":[{"name":"wp","href":"https:\/\/api.w.org\/{rel}","templated":true}]}}