{"id":6731,"date":"2026-04-08T10:38:44","date_gmt":"2026-04-08T08:38:44","guid":{"rendered":"https:\/\/www.ariahotel.it\/ecofriendly\/"},"modified":"2026-04-08T11:52:58","modified_gmt":"2026-04-08T09:52:58","slug":"ecofriendly","status":"publish","type":"page","link":"https:\/\/www.ariahotel.it\/fr\/ecofriendly\/","title":{"rendered":"Ecofriendly"},"content":{"rendered":"\t\t<div data-elementor-type=\"wp-page\" data-elementor-id=\"6731\" class=\"elementor elementor-6731 elementor-6683\" data-elementor-post-type=\"page\">\n\t\t\t\t<div class=\"elementor-element elementor-element-00c9869 e-flex e-con-boxed e-con e-parent\" data-id=\"00c9869\" data-element_type=\"container\" data-e-type=\"container\">\n\t\t\t\t\t<div class=\"e-con-inner\">\n\t\t<div class=\"elementor-element elementor-element-4b51498 e-con-full e-flex e-con e-child\" data-id=\"4b51498\" data-element_type=\"container\" data-e-type=\"container\">\n\t\t\t\t<div class=\"elementor-element elementor-element-1bb21c9 elementor-widget elementor-widget-heading\" data-id=\"1bb21c9\" data-element_type=\"widget\" data-e-type=\"widget\" data-widget_type=\"heading.default\">\n\t\t\t\t<div class=\"elementor-widget-container\">\n\t\t\t\t\t<div class=\"elementor-heading-title elementor-size-default\">NOUS AVONS \u00c0 C\u0152UR<\/div>\t\t\t\t<\/div>\n\t\t\t\t<\/div>\n\t\t\t\t<div class=\"elementor-element elementor-element-8924138 elementor-widget elementor-widget-heading\" data-id=\"8924138\" data-element_type=\"widget\" data-e-type=\"widget\" data-widget_type=\"heading.default\">\n\t\t\t\t<div class=\"elementor-widget-container\">\n\t\t\t\t\t<h1 class=\"elementor-heading-title elementor-size-default\">\nNOTRE PLAN\u00c8TE<\/h1>\t\t\t\t<\/div>\n\t\t\t\t<\/div>\n\t\t\t\t<div class=\"elementor-element elementor-element-3337368 elementor-widget elementor-widget-heading\" data-id=\"3337368\" data-element_type=\"widget\" data-e-type=\"widget\" data-widget_type=\"heading.default\">\n\t\t\t\t<div class=\"elementor-widget-container\">\n\t\t\t\t\t<h2 class=\"elementor-heading-title elementor-size-default\">Prot\u00e9ger l\u2019environnement dans lequel nous vivons est un geste important. Nous agissons avec la conscience de promouvoir un d\u00e9veloppement \u00e9conomique compatible avec la pr\u00e9servation de l\u2019environnement.  <\/h2>\t\t\t\t<\/div>\n\t\t\t\t<\/div>\n\t\t\t\t<\/div>\n\t\t\t\t\t<\/div>\n\t\t\t\t<\/div>\n\t\t<div class=\"elementor-element elementor-element-8ce1b07 e-flex e-con-boxed e-con e-parent\" data-id=\"8ce1b07\" data-element_type=\"container\" data-e-type=\"container\">\n\t\t\t\t\t<div class=\"e-con-inner\">\n\t\t<div class=\"elementor-element elementor-element-913ce3b e-con-full e-flex e-con e-child\" data-id=\"913ce3b\" data-element_type=\"container\" data-e-type=\"container\">\n\t\t\t\t<div class=\"elementor-element elementor-element-54f9f7a img-rivelata elementor-widget elementor-widget-bwdirax-image-reveal-animation\" data-id=\"54f9f7a\" data-element_type=\"widget\" data-e-type=\"widget\" data-settings=\"{&quot;motion_fx_motion_fx_scrolling&quot;:&quot;yes&quot;,&quot;motion_fx_translateY_effect&quot;:&quot;yes&quot;,&quot;motion_fx_translateY_speed&quot;:{&quot;unit&quot;:&quot;px&quot;,&quot;size&quot;:1.5,&quot;sizes&quot;:[]},&quot;motion_fx_devices&quot;:[&quot;desktop&quot;,&quot;tablet&quot;],&quot;motion_fx_translateY_affectedRange&quot;:{&quot;unit&quot;:&quot;%&quot;,&quot;size&quot;:&quot;&quot;,&quot;sizes&quot;:{&quot;start&quot;:0,&quot;end&quot;:100}}}\" data-widget_type=\"bwdirax-image-reveal-animation.default\">\n\t\t\t\t<div class=\"elementor-widget-container\">\n\t\t\t\t\t\t\t\t<div class=\"uc_image_reveal\" id=\"bwdirax_uc_image_reveal_on_scroll\">\r\n\t\t\t\t\t<div class=\"uc_image_reveal_box bwduc-image \">\r\n\r\n\t\t\t\t\r\n\t\t\t\t\t<img decoding=\"async\" src=\"https:\/\/www.ariahotel.it\/wp-content\/uploads\/2025\/07\/Aria-15.jpg\" class=\"bwdirax-img\" alt=\"image\">\r\n\r\n\t\t\t\t\t\r\n\t\t\t\t\t<div class=\"uc_overlay iv-jello leftx\"><\/div>\r\n\t\t\t\t\t<\/div>\r\n\t\t\t<\/div>\r\n\t\t\t\t\t\t<\/div>\n\t\t\t\t<\/div>\n\t\t\t\t<\/div>\n\t\t<div class=\"elementor-element elementor-element-cde4861 e-con-full e-flex e-con e-child\" data-id=\"cde4861\" data-element_type=\"container\" data-e-type=\"container\">\n\t\t\t\t<div class=\"elementor-element elementor-element-4c5841a elementor-widget elementor-widget-heading\" data-id=\"4c5841a\" data-element_type=\"widget\" data-e-type=\"widget\" data-widget_type=\"heading.default\">\n\t\t\t\t<div class=\"elementor-widget-container\">\n\t\t\t\t\t<h3 class=\"elementor-heading-title elementor-size-default\">Pour la production d\u2019\u00e9nergie renouvelable<\/h3>\t\t\t\t<\/div>\n\t\t\t\t<\/div>\n\t\t\t\t<div class=\"elementor-element elementor-element-7eea55f elementor-widget elementor-widget-text-editor\" data-id=\"7eea55f\" data-element_type=\"widget\" data-e-type=\"widget\" data-widget_type=\"text-editor.default\">\n\t\t\t\t<div class=\"elementor-widget-container\">\n\t\t\t\t\t\t\t\t\t<p>La structure antisismique est \u00e9quip\u00e9e d\u2019un syst\u00e8me photovolta\u00efque \u00e0 panneaux solaires afin de r\u00e9duire les \u00e9missions de CO\u2082 et d\u2019augmenter l\u2019ind\u00e9pendance \u00e9nerg\u00e9tique.<\/p>\t\t\t\t\t\t\t\t<\/div>\n\t\t\t\t<\/div>\n\t\t\t\t<div class=\"elementor-element elementor-element-bc3b24d elementor-widget elementor-widget-heading\" data-id=\"bc3b24d\" data-element_type=\"widget\" data-e-type=\"widget\" data-widget_type=\"heading.default\">\n\t\t\t\t<div class=\"elementor-widget-container\">\n\t\t\t\t\t<h3 class=\"elementor-heading-title elementor-size-default\">Pour r\u00e9duire les besoins \u00e9nerg\u00e9tiques<\/h3>\t\t\t\t<\/div>\n\t\t\t\t<\/div>\n\t\t\t\t<div class=\"elementor-element elementor-element-a37a204 elementor-widget elementor-widget-text-editor\" data-id=\"a37a204\" data-element_type=\"widget\" data-e-type=\"widget\" data-widget_type=\"text-editor.default\">\n\t\t\t\t<div class=\"elementor-widget-container\">\n\t\t\t\t\t\t\t\t\t<p>Nous avons assur\u00e9 un niveau ad\u00e9quat d\u2019isolation thermique gr\u00e2ce \u00e0 une isolation ext\u00e9rieure \u00e9paisse et install\u00e9 des menuiseries et fen\u00eatres de derni\u00e8re g\u00e9n\u00e9ration.<\/p>\t\t\t\t\t\t\t\t<\/div>\n\t\t\t\t<\/div>\n\t\t\t\t<\/div>\n\t\t\t\t\t<\/div>\n\t\t\t\t<\/div>\n\t\t<div class=\"elementor-element elementor-element-4ba4a72 e-flex e-con-boxed e-con e-parent\" data-id=\"4ba4a72\" data-element_type=\"container\" data-e-type=\"container\">\n\t\t\t\t\t<div class=\"e-con-inner\">\n\t\t<div class=\"elementor-element elementor-element-e8a3fc3 e-con-full e-flex e-con e-child\" data-id=\"e8a3fc3\" data-element_type=\"container\" data-e-type=\"container\">\n\t\t\t\t<div class=\"elementor-element elementor-element-b842de7 elementor-widget elementor-widget-heading\" data-id=\"b842de7\" data-element_type=\"widget\" data-e-type=\"widget\" data-widget_type=\"heading.default\">\n\t\t\t\t<div class=\"elementor-widget-container\">\n\t\t\t\t\t<h3 class=\"elementor-heading-title elementor-size-default\">Pour am\u00e9liorer l\u2019efficacit\u00e9 \u00e9nerg\u00e9tique <\/h3>\t\t\t\t<\/div>\n\t\t\t\t<\/div>\n\t\t\t\t<div class=\"elementor-element elementor-element-a2c9519 elementor-widget elementor-widget-text-editor\" data-id=\"a2c9519\" data-element_type=\"widget\" data-e-type=\"widget\" data-widget_type=\"text-editor.default\">\n\t\t\t\t<div class=\"elementor-widget-container\">\n\t\t\t\t\t\t\t\t\t<p>La structure est \u00e9quip\u00e9e de solutions techniques \u00e0 haute efficacit\u00e9, comme des chaudi\u00e8res \u00e0 condensation.<\/p><p><strong>Les minibars<\/strong> des chambres sont de classe A++.<\/p><p><strong>Le syst\u00e8me d\u2019\u00e9clairage <\/strong>est \u00e9conome en \u00e9nergie.<br>Nous utilisons des lampes LED, des d\u00e9tecteurs de pr\u00e9sence, des minuteries et tous les dispositifs permettant de r\u00e9guler la lumi\u00e8re de la mani\u00e8re la plus pr\u00e9cise possible.<\/p><p><strong>Un syst\u00e8me avanc\u00e9 de thermor\u00e9gulation<\/strong> permet de g\u00e9rer de fa\u00e7on optimale le chauffage et la climatisation, m\u00eame \u00e0 distance et par zones sp\u00e9cifiques.<br>Nous utilisons un dispositif pour maintenir les temp\u00e9ratures lorsque les clients ne sont pas dans leur chambre.<\/p><p><strong>Nous surveillons et mesurons<\/strong> les consommations et les habitudes afin de v\u00e9rifier en permanence les r\u00e9sultats obtenus et d\u2019intervenir rapidement en cas d\u2019anomalie ou de consommation excessive.<\/p>\t\t\t\t\t\t\t\t<\/div>\n\t\t\t\t<\/div>\n\t\t\t\t<\/div>\n\t\t<div class=\"elementor-element elementor-element-3c9a70d e-con-full e-flex e-con e-child\" data-id=\"3c9a70d\" data-element_type=\"container\" data-e-type=\"container\">\n\t\t\t\t<div class=\"elementor-element elementor-element-483ac59 img-rivelata elementor-widget elementor-widget-bwdirax-image-reveal-animation\" data-id=\"483ac59\" data-element_type=\"widget\" data-e-type=\"widget\" data-settings=\"{&quot;motion_fx_motion_fx_scrolling&quot;:&quot;yes&quot;,&quot;motion_fx_translateY_effect&quot;:&quot;yes&quot;,&quot;motion_fx_translateY_direction&quot;:&quot;negative&quot;,&quot;motion_fx_translateY_speed&quot;:{&quot;unit&quot;:&quot;px&quot;,&quot;size&quot;:1.5,&quot;sizes&quot;:[]},&quot;motion_fx_devices&quot;:[&quot;desktop&quot;,&quot;tablet&quot;],&quot;motion_fx_translateY_affectedRange&quot;:{&quot;unit&quot;:&quot;%&quot;,&quot;size&quot;:&quot;&quot;,&quot;sizes&quot;:{&quot;start&quot;:0,&quot;end&quot;:100}}}\" data-widget_type=\"bwdirax-image-reveal-animation.default\">\n\t\t\t\t<div class=\"elementor-widget-container\">\n\t\t\t\t\t\t\t\t<div class=\"uc_image_reveal\" id=\"bwdirax_uc_image_reveal_on_scroll\">\r\n\t\t\t\t\t<div class=\"uc_image_reveal_box bwduc-image \">\r\n\r\n\t\t\t\t\r\n\t\t\t\t\t<img decoding=\"async\" src=\"https:\/\/www.ariahotel.it\/wp-content\/uploads\/2025\/07\/Aria-54.jpg\" class=\"bwdirax-img\" alt=\"image\">\r\n\r\n\t\t\t\t\t\r\n\t\t\t\t\t<div class=\"uc_overlay iv-jello rightx\"><\/div>\r\n\t\t\t\t\t<\/div>\r\n\t\t\t<\/div>\r\n\t\t\t\t\t\t<\/div>\n\t\t\t\t<\/div>\n\t\t\t\t<\/div>\n\t\t\t\t\t<\/div>\n\t\t\t\t<\/div>\n\t\t<div class=\"elementor-element elementor-element-a98ace6 elementor-hidden-desktop elementor-hidden-tablet elementor-hidden-mobile e-flex e-con-boxed e-con e-parent\" data-id=\"a98ace6\" data-element_type=\"container\" data-e-type=\"container\">\n\t\t\t\t\t<div class=\"e-con-inner\">\n\t\t<div class=\"elementor-element elementor-element-b641cb2 e-con-full e-flex e-con e-child\" data-id=\"b641cb2\" data-element_type=\"container\" data-e-type=\"container\">\n\t\t\t\t<div class=\"elementor-element elementor-element-8be516f img-rivelata elementor-widget elementor-widget-bwdirax-image-reveal-animation\" data-id=\"8be516f\" data-element_type=\"widget\" data-e-type=\"widget\" data-settings=\"{&quot;motion_fx_motion_fx_scrolling&quot;:&quot;yes&quot;,&quot;motion_fx_translateY_effect&quot;:&quot;yes&quot;,&quot;motion_fx_translateY_speed&quot;:{&quot;unit&quot;:&quot;px&quot;,&quot;size&quot;:1.5,&quot;sizes&quot;:[]},&quot;motion_fx_devices&quot;:[&quot;desktop&quot;,&quot;tablet&quot;],&quot;motion_fx_translateY_affectedRange&quot;:{&quot;unit&quot;:&quot;%&quot;,&quot;size&quot;:&quot;&quot;,&quot;sizes&quot;:{&quot;start&quot;:0,&quot;end&quot;:100}}}\" data-widget_type=\"bwdirax-image-reveal-animation.default\">\n\t\t\t\t<div class=\"elementor-widget-container\">\n\t\t\t\t\t\t\t\t<div class=\"uc_image_reveal\" id=\"bwdirax_uc_image_reveal_on_scroll\">\r\n\t\t\t\t\t<div class=\"uc_image_reveal_box bwduc-image \">\r\n\r\n\t\t\t\t\r\n\t\t\t\t\t<img decoding=\"async\" src=\"http:\/\/www.ariahotel.it\/wp-content\/uploads\/2025\/01\/Dettaglio-idromassaggio-suite-2.jpg\" class=\"bwdirax-img\" alt=\"image\">\r\n\r\n\t\t\t\t\t\r\n\t\t\t\t\t<div class=\"uc_overlay iv-jello leftx\"><\/div>\r\n\t\t\t\t\t<\/div>\r\n\t\t\t<\/div>\r\n\t\t\t\t\t\t<\/div>\n\t\t\t\t<\/div>\n\t\t\t\t<\/div>\n\t\t<div class=\"elementor-element elementor-element-29d9c68 e-con-full e-flex e-con e-child\" data-id=\"29d9c68\" data-element_type=\"container\" data-e-type=\"container\">\n\t\t\t\t<div class=\"elementor-element elementor-element-8a7a77d elementor-widget elementor-widget-heading\" data-id=\"8a7a77d\" data-element_type=\"widget\" data-e-type=\"widget\" data-widget_type=\"heading.default\">\n\t\t\t\t<div class=\"elementor-widget-container\">\n\t\t\t\t\t<h3 class=\"elementor-heading-title elementor-size-default\">Per gestire l\u2019acqua in modo molto attento<\/h3>\t\t\t\t<\/div>\n\t\t\t\t<\/div>\n\t\t\t\t<div class=\"elementor-element elementor-element-b9f1a6b elementor-widget elementor-widget-text-editor\" data-id=\"b9f1a6b\" data-element_type=\"widget\" data-e-type=\"widget\" data-widget_type=\"text-editor.default\">\n\t\t\t\t<div class=\"elementor-widget-container\">\n\t\t\t\t\t\t\t\t\t<p>Usiamo un sistema di raccolta e di riciclo dell\u2019acqua piovana per l\u2019irrigazione.<\/p><p>Coinvolgiamo gli ospiti con una campagna di sensibilizzazione per ridurre gli sprechi del lavaggio degli asciugamani e della biancheria.<\/p>\t\t\t\t\t\t\t\t<\/div>\n\t\t\t\t<\/div>\n\t\t\t\t<\/div>\n\t\t\t\t\t<\/div>\n\t\t\t\t<\/div>\n\t\t<div class=\"elementor-element elementor-element-39f0e84 elementor-hidden-desktop elementor-hidden-tablet elementor-hidden-mobile e-flex e-con-boxed e-con e-parent\" data-id=\"39f0e84\" data-element_type=\"container\" data-e-type=\"container\">\n\t\t\t\t\t<div class=\"e-con-inner\">\n\t\t<div class=\"elementor-element elementor-element-9fbbde8 e-con-full e-flex e-con e-child\" data-id=\"9fbbde8\" data-element_type=\"container\" data-e-type=\"container\">\n\t\t\t\t<div class=\"elementor-element elementor-element-57e9141 elementor-widget elementor-widget-heading\" data-id=\"57e9141\" data-element_type=\"widget\" data-e-type=\"widget\" data-widget_type=\"heading.default\">\n\t\t\t\t<div class=\"elementor-widget-container\">\n\t\t\t\t\t<h3 class=\"elementor-heading-title elementor-size-default\">Per ridurre il consumo della plastica<\/h3>\t\t\t\t<\/div>\n\t\t\t\t<\/div>\n\t\t\t\t<div class=\"elementor-element elementor-element-b509f40 elementor-widget elementor-widget-text-editor\" data-id=\"b509f40\" data-element_type=\"widget\" data-e-type=\"widget\" data-widget_type=\"text-editor.default\">\n\t\t\t\t<div class=\"elementor-widget-container\">\n\t\t\t\t\t\t\t\t\t<p>Usiamo solo contenitori di vetro e carta.<\/p><p>Usiamo cannucce di carta.<\/p><p>La nostra linea di cortesia \u00e8 realizzata con materiali sostenibili.<\/p><p>Per una gestione attenta e consapevole dei rifiuti, ci occupiamo quotidianamente della raccolta differenziata.<\/p>\t\t\t\t\t\t\t\t<\/div>\n\t\t\t\t<\/div>\n\t\t\t\t<\/div>\n\t\t<div class=\"elementor-element elementor-element-489037e e-con-full e-flex e-con e-child\" data-id=\"489037e\" data-element_type=\"container\" data-e-type=\"container\">\n\t\t\t\t<div class=\"elementor-element elementor-element-003700b img-rivelata elementor-widget elementor-widget-bwdirax-image-reveal-animation\" data-id=\"003700b\" data-element_type=\"widget\" data-e-type=\"widget\" data-settings=\"{&quot;motion_fx_motion_fx_scrolling&quot;:&quot;yes&quot;,&quot;motion_fx_translateY_effect&quot;:&quot;yes&quot;,&quot;motion_fx_translateY_direction&quot;:&quot;negative&quot;,&quot;motion_fx_translateY_speed&quot;:{&quot;unit&quot;:&quot;px&quot;,&quot;size&quot;:1.5,&quot;sizes&quot;:[]},&quot;motion_fx_devices&quot;:[&quot;desktop&quot;,&quot;tablet&quot;],&quot;motion_fx_translateY_affectedRange&quot;:{&quot;unit&quot;:&quot;%&quot;,&quot;size&quot;:&quot;&quot;,&quot;sizes&quot;:{&quot;start&quot;:0,&quot;end&quot;:100}}}\" data-widget_type=\"bwdirax-image-reveal-animation.default\">\n\t\t\t\t<div class=\"elementor-widget-container\">\n\t\t\t\t\t\t\t\t<div class=\"uc_image_reveal\" id=\"bwdirax_uc_image_reveal_on_scroll\">\r\n\t\t\t\t\t<div class=\"uc_image_reveal_box bwduc-image \">\r\n\r\n\t\t\t\t\r\n\t\t\t\t\t<img decoding=\"async\" src=\"http:\/\/www.ariahotel.it\/wp-content\/uploads\/2025\/01\/Dispenser-1-dimensioni-grandi.jpeg\" class=\"bwdirax-img\" alt=\"image\">\r\n\r\n\t\t\t\t\t\r\n\t\t\t\t\t<div class=\"uc_overlay iv-jello rightx\"><\/div>\r\n\t\t\t\t\t<\/div>\r\n\t\t\t<\/div>\r\n\t\t\t\t\t\t<\/div>\n\t\t\t\t<\/div>\n\t\t\t\t<\/div>\n\t\t\t\t\t<\/div>\n\t\t\t\t<\/div>\n\t\t\t\t<\/div>\n\t\t","protected":false},"excerpt":{"rendered":"<p>NOUS AVONS \u00c0 C\u0152UR NOTRE PLAN\u00c8TE Prot\u00e9ger l\u2019environnement dans lequel nous vivons est un geste important. Nous agissons avec la conscience de promouvoir un d\u00e9veloppement \u00e9conomique compatible avec la pr\u00e9servation de l\u2019environnement. Pour la production d\u2019\u00e9nergie renouvelable La structure antisismique est \u00e9quip\u00e9e d\u2019un syst\u00e8me photovolta\u00efque \u00e0 panneaux solaires afin de r\u00e9duire les \u00e9missions de CO\u2082 [&hellip;]<\/p>\n","protected":false},"author":1,"featured_media":0,"parent":0,"menu_order":0,"comment_status":"closed","ping_status":"closed","template":"","meta":{"_acf_changed":false,"footnotes":""},"class_list":["post-6731","page","type-page","status-publish","hentry"],"acf":[],"yoast_head":"<!-- This site is optimized with the Yoast SEO plugin v27.4 - https:\/\/yoast.com\/product\/yoast-seo-wordpress\/ -->\n<title>Ecofriendly - Aria Hotel<\/title>\n<meta name=\"robots\" content=\"index, follow, max-snippet:-1, max-image-preview:large, max-video-preview:-1\" \/>\n<link rel=\"canonical\" href=\"https:\/\/www.ariahotel.it\/fr\/ecofriendly\/\" \/>\n<meta property=\"og:locale\" content=\"fr_FR\" \/>\n<meta property=\"og:type\" content=\"article\" \/>\n<meta property=\"og:title\" content=\"Ecofriendly - Aria Hotel\" \/>\n<meta property=\"og:description\" content=\"NOUS AVONS \u00c0 C\u0152UR NOTRE PLAN\u00c8TE Prot\u00e9ger l\u2019environnement dans lequel nous vivons est un geste important. Nous agissons avec la conscience de promouvoir un d\u00e9veloppement \u00e9conomique compatible avec la pr\u00e9servation de l\u2019environnement. Pour la production d\u2019\u00e9nergie renouvelable La structure antisismique est \u00e9quip\u00e9e d\u2019un syst\u00e8me photovolta\u00efque \u00e0 panneaux solaires afin de r\u00e9duire les \u00e9missions de CO\u2082 [&hellip;]\" \/>\n<meta property=\"og:url\" content=\"https:\/\/www.ariahotel.it\/fr\/ecofriendly\/\" \/>\n<meta property=\"og:site_name\" content=\"Aria Hotel\" \/>\n<meta property=\"article:publisher\" content=\"https:\/\/www.facebook.com\/HotelAriaRimini\/?locale=it_IT\" \/>\n<meta property=\"article:modified_time\" content=\"2026-04-08T09:52:58+00:00\" \/>\n<meta property=\"og:image\" content=\"https:\/\/www.ariahotel.it\/wp-content\/uploads\/2025\/07\/Aria-15.jpg\" \/>\n<meta name=\"twitter:card\" content=\"summary_large_image\" \/>\n<meta name=\"twitter:label1\" content=\"Dur\u00e9e de lecture estim\u00e9e\" \/>\n\t<meta name=\"twitter:data1\" content=\"2 minutes\" \/>\n<script type=\"application\/ld+json\" class=\"yoast-schema-graph\">{\"@context\":\"https:\\\/\\\/schema.org\",\"@graph\":[{\"@type\":\"WebPage\",\"@id\":\"https:\\\/\\\/www.ariahotel.it\\\/fr\\\/ecofriendly\\\/\",\"url\":\"https:\\\/\\\/www.ariahotel.it\\\/fr\\\/ecofriendly\\\/\",\"name\":\"Ecofriendly - Aria Hotel\",\"isPartOf\":{\"@id\":\"https:\\\/\\\/www.ariahotel.it\\\/fr\\\/#website\"},\"primaryImageOfPage\":{\"@id\":\"https:\\\/\\\/www.ariahotel.it\\\/fr\\\/ecofriendly\\\/#primaryimage\"},\"image\":{\"@id\":\"https:\\\/\\\/www.ariahotel.it\\\/fr\\\/ecofriendly\\\/#primaryimage\"},\"thumbnailUrl\":\"https:\\\/\\\/www.ariahotel.it\\\/wp-content\\\/uploads\\\/2025\\\/07\\\/Aria-15.jpg\",\"datePublished\":\"2026-04-08T08:38:44+00:00\",\"dateModified\":\"2026-04-08T09:52:58+00:00\",\"breadcrumb\":{\"@id\":\"https:\\\/\\\/www.ariahotel.it\\\/fr\\\/ecofriendly\\\/#breadcrumb\"},\"inLanguage\":\"fr-FR\",\"potentialAction\":[{\"@type\":\"ReadAction\",\"target\":[\"https:\\\/\\\/www.ariahotel.it\\\/fr\\\/ecofriendly\\\/\"]}]},{\"@type\":\"ImageObject\",\"inLanguage\":\"fr-FR\",\"@id\":\"https:\\\/\\\/www.ariahotel.it\\\/fr\\\/ecofriendly\\\/#primaryimage\",\"url\":\"https:\\\/\\\/www.ariahotel.it\\\/wp-content\\\/uploads\\\/2025\\\/07\\\/Aria-15.jpg\",\"contentUrl\":\"https:\\\/\\\/www.ariahotel.it\\\/wp-content\\\/uploads\\\/2025\\\/07\\\/Aria-15.jpg\"},{\"@type\":\"BreadcrumbList\",\"@id\":\"https:\\\/\\\/www.ariahotel.it\\\/fr\\\/ecofriendly\\\/#breadcrumb\",\"itemListElement\":[{\"@type\":\"ListItem\",\"position\":1,\"name\":\"Home\",\"item\":\"https:\\\/\\\/www.ariahotel.it\\\/fr\\\/home\\\/\"},{\"@type\":\"ListItem\",\"position\":2,\"name\":\"Ecofriendly\"}]},{\"@type\":\"WebSite\",\"@id\":\"https:\\\/\\\/www.ariahotel.it\\\/fr\\\/#website\",\"url\":\"https:\\\/\\\/www.ariahotel.it\\\/fr\\\/\",\"name\":\"Aria Hotel\",\"description\":\"Hotel 4 Stelle Superior a Marina Centro Rimini | Hotel Aria\",\"publisher\":{\"@id\":\"https:\\\/\\\/www.ariahotel.it\\\/fr\\\/#organization\"},\"alternateName\":\"Hotel di lusso a Rimini\",\"potentialAction\":[{\"@type\":\"SearchAction\",\"target\":{\"@type\":\"EntryPoint\",\"urlTemplate\":\"https:\\\/\\\/www.ariahotel.it\\\/fr\\\/?s={search_term_string}\"},\"query-input\":{\"@type\":\"PropertyValueSpecification\",\"valueRequired\":true,\"valueName\":\"search_term_string\"}}],\"inLanguage\":\"fr-FR\"},{\"@type\":\"Organization\",\"@id\":\"https:\\\/\\\/www.ariahotel.it\\\/fr\\\/#organization\",\"name\":\"Aria Hotel\",\"alternateName\":\"Hotel di lusso a Rimini\",\"url\":\"https:\\\/\\\/www.ariahotel.it\\\/fr\\\/\",\"logo\":{\"@type\":\"ImageObject\",\"inLanguage\":\"fr-FR\",\"@id\":\"https:\\\/\\\/www.ariahotel.it\\\/fr\\\/#\\\/schema\\\/logo\\\/image\\\/\",\"url\":\"https:\\\/\\\/www.ariahotel.it\\\/wp-content\\\/uploads\\\/2025\\\/01\\\/Favicon.svg\",\"contentUrl\":\"https:\\\/\\\/www.ariahotel.it\\\/wp-content\\\/uploads\\\/2025\\\/01\\\/Favicon.svg\",\"caption\":\"Aria Hotel\"},\"image\":{\"@id\":\"https:\\\/\\\/www.ariahotel.it\\\/fr\\\/#\\\/schema\\\/logo\\\/image\\\/\"},\"sameAs\":[\"https:\\\/\\\/www.facebook.com\\\/HotelAriaRimini\\\/?locale=it_IT\",\"https:\\\/\\\/www.instagram.com\\\/aria_rimini\\\/\"]}]}<\/script>\n<!-- \/ Yoast SEO plugin. -->","yoast_head_json":{"title":"Ecofriendly - Aria Hotel","robots":{"index":"index","follow":"follow","max-snippet":"max-snippet:-1","max-image-preview":"max-image-preview:large","max-video-preview":"max-video-preview:-1"},"canonical":"https:\/\/www.ariahotel.it\/fr\/ecofriendly\/","og_locale":"fr_FR","og_type":"article","og_title":"Ecofriendly - Aria Hotel","og_description":"NOUS AVONS \u00c0 C\u0152UR NOTRE PLAN\u00c8TE Prot\u00e9ger l\u2019environnement dans lequel nous vivons est un geste important. Nous agissons avec la conscience de promouvoir un d\u00e9veloppement \u00e9conomique compatible avec la pr\u00e9servation de l\u2019environnement. Pour la production d\u2019\u00e9nergie renouvelable La structure antisismique est \u00e9quip\u00e9e d\u2019un syst\u00e8me photovolta\u00efque \u00e0 panneaux solaires afin de r\u00e9duire les \u00e9missions de CO\u2082 [&hellip;]","og_url":"https:\/\/www.ariahotel.it\/fr\/ecofriendly\/","og_site_name":"Aria Hotel","article_publisher":"https:\/\/www.facebook.com\/HotelAriaRimini\/?locale=it_IT","article_modified_time":"2026-04-08T09:52:58+00:00","og_image":[{"url":"https:\/\/www.ariahotel.it\/wp-content\/uploads\/2025\/07\/Aria-15.jpg","type":"","width":"","height":""}],"twitter_card":"summary_large_image","twitter_misc":{"Dur\u00e9e de lecture estim\u00e9e":"2 minutes"},"schema":{"@context":"https:\/\/schema.org","@graph":[{"@type":"WebPage","@id":"https:\/\/www.ariahotel.it\/fr\/ecofriendly\/","url":"https:\/\/www.ariahotel.it\/fr\/ecofriendly\/","name":"Ecofriendly - Aria Hotel","isPartOf":{"@id":"https:\/\/www.ariahotel.it\/fr\/#website"},"primaryImageOfPage":{"@id":"https:\/\/www.ariahotel.it\/fr\/ecofriendly\/#primaryimage"},"image":{"@id":"https:\/\/www.ariahotel.it\/fr\/ecofriendly\/#primaryimage"},"thumbnailUrl":"https:\/\/www.ariahotel.it\/wp-content\/uploads\/2025\/07\/Aria-15.jpg","datePublished":"2026-04-08T08:38:44+00:00","dateModified":"2026-04-08T09:52:58+00:00","breadcrumb":{"@id":"https:\/\/www.ariahotel.it\/fr\/ecofriendly\/#breadcrumb"},"inLanguage":"fr-FR","potentialAction":[{"@type":"ReadAction","target":["https:\/\/www.ariahotel.it\/fr\/ecofriendly\/"]}]},{"@type":"ImageObject","inLanguage":"fr-FR","@id":"https:\/\/www.ariahotel.it\/fr\/ecofriendly\/#primaryimage","url":"https:\/\/www.ariahotel.it\/wp-content\/uploads\/2025\/07\/Aria-15.jpg","contentUrl":"https:\/\/www.ariahotel.it\/wp-content\/uploads\/2025\/07\/Aria-15.jpg"},{"@type":"BreadcrumbList","@id":"https:\/\/www.ariahotel.it\/fr\/ecofriendly\/#breadcrumb","itemListElement":[{"@type":"ListItem","position":1,"name":"Home","item":"https:\/\/www.ariahotel.it\/fr\/home\/"},{"@type":"ListItem","position":2,"name":"Ecofriendly"}]},{"@type":"WebSite","@id":"https:\/\/www.ariahotel.it\/fr\/#website","url":"https:\/\/www.ariahotel.it\/fr\/","name":"Aria Hotel","description":"Hotel 4 Stelle Superior a Marina Centro Rimini | Hotel Aria","publisher":{"@id":"https:\/\/www.ariahotel.it\/fr\/#organization"},"alternateName":"Hotel di lusso a Rimini","potentialAction":[{"@type":"SearchAction","target":{"@type":"EntryPoint","urlTemplate":"https:\/\/www.ariahotel.it\/fr\/?s={search_term_string}"},"query-input":{"@type":"PropertyValueSpecification","valueRequired":true,"valueName":"search_term_string"}}],"inLanguage":"fr-FR"},{"@type":"Organization","@id":"https:\/\/www.ariahotel.it\/fr\/#organization","name":"Aria Hotel","alternateName":"Hotel di lusso a Rimini","url":"https:\/\/www.ariahotel.it\/fr\/","logo":{"@type":"ImageObject","inLanguage":"fr-FR","@id":"https:\/\/www.ariahotel.it\/fr\/#\/schema\/logo\/image\/","url":"https:\/\/www.ariahotel.it\/wp-content\/uploads\/2025\/01\/Favicon.svg","contentUrl":"https:\/\/www.ariahotel.it\/wp-content\/uploads\/2025\/01\/Favicon.svg","caption":"Aria Hotel"},"image":{"@id":"https:\/\/www.ariahotel.it\/fr\/#\/schema\/logo\/image\/"},"sameAs":["https:\/\/www.facebook.com\/HotelAriaRimini\/?locale=it_IT","https:\/\/www.instagram.com\/aria_rimini\/"]}]}},"publishpress_future_action":{"enabled":false,"date":"2026-04-26 14:59:53","action":"change-status","newStatus":"draft","terms":[],"taxonomy":"translation_priority","extraData":[]},"publishpress_future_workflow_manual_trigger":{"enabledWorkflows":[]},"_links":{"self":[{"href":"https:\/\/www.ariahotel.it\/fr\/wp-json\/wp\/v2\/pages\/6731","targetHints":{"allow":["GET"]}}],"collection":[{"href":"https:\/\/www.ariahotel.it\/fr\/wp-json\/wp\/v2\/pages"}],"about":[{"href":"https:\/\/www.ariahotel.it\/fr\/wp-json\/wp\/v2\/types\/page"}],"author":[{"embeddable":true,"href":"https:\/\/www.ariahotel.it\/fr\/wp-json\/wp\/v2\/users\/1"}],"replies":[{"embeddable":true,"href":"https:\/\/www.ariahotel.it\/fr\/wp-json\/wp\/v2\/comments?post=6731"}],"version-history":[{"count":1,"href":"https:\/\/www.ariahotel.it\/fr\/wp-json\/wp\/v2\/pages\/6731\/revisions"}],"predecessor-version":[{"id":6732,"href":"https:\/\/www.ariahotel.it\/fr\/wp-json\/wp\/v2\/pages\/6731\/revisions\/6732"}],"wp:attachment":[{"href":"https:\/\/www.ariahotel.it\/fr\/wp-json\/wp\/v2\/media?parent=6731"}],"curies":[{"name":"wp","href":"https:\/\/api.w.org\/{rel}","templated":true}]}}